{"id":69,"date":"2024-11-14T21:35:34","date_gmt":"2024-11-14T21:35:34","guid":{"rendered":"https:\/\/prinzengar.de\/prinz\/?page_id=69"},"modified":"2025-01-24T11:57:03","modified_gmt":"2025-01-24T11:57:03","slug":"herzlich-willkommen","status":"publish","type":"page","link":"https:\/\/prinzengar.de\/prinz\/","title":{"rendered":"Herzlich Willkommen !"},"content":{"rendered":"\n<p class=\"has-text-align-center has-medium-font-size\"><strong>Sch\u00f6n, da\u00df Du heute Abend hier bist !<\/strong><\/p>\n\n\n\n<p class=\"has-text-align-center has-medium-font-size\">Klicke auf unseren Videogru\u00df:<\/p>\n\n\n\n<figure class=\"wp-block-video\"><video autoplay controls preload=\"auto\" src=\"https:\/\/prinzengar.de\/prinz\/wp-content\/uploads\/2025\/01\/2025-01-24-Video-PP-zur-GS-.mp4\" playsinline><\/video><\/figure>\n\n\n\n<p class=\"has-text-align-center\"><br>Schreibt uns doch gerne was in <\/p>\n\n\n\n<div class=\"wp-block-buttons is-content-justification-center is-layout-flex wp-container-core-buttons-is-layout-1 wp-block-buttons-is-layout-flex\">\n<div class=\"wp-block-button\"><a class=\"wp-block-button__link has-text-align-center wp-element-button\" href=\"https:\/\/prinzengar.de\/prinz\/index.php\/gaestebuch\/\">Unser G\u00e4stebuch<\/a><\/div>\n<\/div>\n\n\n\n<p class=\"has-text-align-center\">Bald gibt es hier auch Infos \u00fcber unsere Spendensammlung in der Session. Wir sammeln zu Gunsten des BSG.<\/p>\n\n\n\n<figure class=\"wp-block-image size-large is-resized\"><img loading=\"lazy\" decoding=\"async\" width=\"1024\" height=\"788\" src=\"https:\/\/prinzengar.de\/prinz\/wp-content\/uploads\/2024\/11\/BSG-Logo-mit-Slogan-1024x788.jpg\" alt=\"\" class=\"wp-image-14\" style=\"width:563px;height:auto\" srcset=\"https:\/\/prinzengar.de\/prinz\/wp-content\/uploads\/2024\/11\/BSG-Logo-mit-Slogan-1024x788.jpg 1024w, https:\/\/prinzengar.de\/prinz\/wp-content\/uploads\/2024\/11\/BSG-Logo-mit-Slogan-300x231.jpg 300w, https:\/\/prinzengar.de\/prinz\/wp-content\/uploads\/2024\/11\/BSG-Logo-mit-Slogan-768x591.jpg 768w, https:\/\/prinzengar.de\/prinz\/wp-content\/uploads\/2024\/11\/BSG-Logo-mit-Slogan.jpg 1536w\" sizes=\"auto, (max-width: 1024px) 100vw, 1024px\" \/><\/figure>\n\n\n\n<p class=\"has-text-align-center\"><br><br>Wir freuen uns auf eine tolle Session gemeinsam mit den Schirmherren des Ratinger Rosenmontagszuges 2025:<\/p>\n\n\n\n<figure class=\"wp-block-image size-large\"><img loading=\"lazy\" decoding=\"async\" width=\"1024\" height=\"732\" src=\"https:\/\/prinzengar.de\/prinz\/wp-content\/uploads\/2024\/11\/GroBe-Abriss-GmbH-1024x732.jpg\" alt=\"\" class=\"wp-image-18\" srcset=\"https:\/\/prinzengar.de\/prinz\/wp-content\/uploads\/2024\/11\/GroBe-Abriss-GmbH-1024x732.jpg 1024w, https:\/\/prinzengar.de\/prinz\/wp-content\/uploads\/2024\/11\/GroBe-Abriss-GmbH-300x214.jpg 300w, https:\/\/prinzengar.de\/prinz\/wp-content\/uploads\/2024\/11\/GroBe-Abriss-GmbH-768x549.jpg 768w, https:\/\/prinzengar.de\/prinz\/wp-content\/uploads\/2024\/11\/GroBe-Abriss-GmbH-1536x1098.jpg 1536w, https:\/\/prinzengar.de\/prinz\/wp-content\/uploads\/2024\/11\/GroBe-Abriss-GmbH-2048x1463.jpg 2048w\" sizes=\"auto, (max-width: 1024px) 100vw, 1024px\" \/><\/figure>\n\n\n\n<p class=\"has-text-align-center\" style=\"font-size:12px;font-style:italic;font-weight:400;line-height:1.2\"><\/p>\n\n\n\n<p class=\"has-text-align-center\" style=\"font-size:14px\"><br><em><div class=\"post-views content-post post-69 entry-meta load-static\">\r\n\t\t\t\t<span class=\"post-views-icon dashicons dashicons-chart-bar\"><\/span> <span class=\"post-views-label\">Hier waren schon so viele Jecken zu Besuch:<\/span> <span class=\"post-views-count\">7.521<\/span>\r\n\t\t\t<\/div><\/em><\/p>\n","protected":false},"excerpt":{"rendered":"<p>Sch\u00f6n, da\u00df Du heute Abend hier bist ! Klicke auf unseren Videogru\u00df: Schreibt uns doch gerne was in Bald gibt es hier auch Infos \u00fcber unsere Spendensammlung in der Session. Wir sammeln zu Gunsten des BSG. Wir freuen uns auf eine tolle Session gemeinsam mit den Schirmherren des Ratinger Rosenmontagszuges 2025:<\/p>\n","protected":false},"author":1,"featured_media":0,"parent":0,"menu_order":0,"comment_status":"open","ping_status":"closed","template":"","meta":{"footnotes":""},"class_list":["post-69","page","type-page","status-publish","hentry"],"_links":{"self":[{"href":"https:\/\/prinzengar.de\/prinz\/index.php\/wp-json\/wp\/v2\/pages\/69","targetHints":{"allow":["GET"]}}],"collection":[{"href":"https:\/\/prinzengar.de\/prinz\/index.php\/wp-json\/wp\/v2\/pages"}],"about":[{"href":"https:\/\/prinzengar.de\/prinz\/index.php\/wp-json\/wp\/v2\/types\/page"}],"author":[{"embeddable":true,"href":"https:\/\/prinzengar.de\/prinz\/index.php\/wp-json\/wp\/v2\/users\/1"}],"replies":[{"embeddable":true,"href":"https:\/\/prinzengar.de\/prinz\/index.php\/wp-json\/wp\/v2\/comments?post=69"}],"version-history":[{"count":24,"href":"https:\/\/prinzengar.de\/prinz\/index.php\/wp-json\/wp\/v2\/pages\/69\/revisions"}],"predecessor-version":[{"id":116,"href":"https:\/\/prinzengar.de\/prinz\/index.php\/wp-json\/wp\/v2\/pages\/69\/revisions\/116"}],"wp:attachment":[{"href":"https:\/\/prinzengar.de\/prinz\/index.php\/wp-json\/wp\/v2\/media?parent=69"}],"curies":[{"name":"wp","href":"https:\/\/api.w.org\/{rel}","templated":true}]}}